{"id":11,"date":"2017-08-04T08:45:07","date_gmt":"2017-08-04T11:45:07","guid":{"rendered":"http:\/\/camposorientales.com\/co2017\/?page_id=11"},"modified":"2019-10-03T07:55:17","modified_gmt":"2019-10-03T10:55:17","slug":"our-vision","status":"publish","type":"page","link":"https:\/\/camposorientales.com\/es\/about-us\/our-vision\/","title":{"rendered":"Nuestra Visi\u00f3n"},"content":{"rendered":"<p>Campos fue creado para transformar tierras de cultivo mal gestionadas o poco explotadas para optimizar la mezcla entre la ganader\u00eda y los cultivos de campo, al tiempo que maximiza su productividad y valor.<\/p>\n<p>Con m\u00e1s de 25 a\u00f1os de s\u00f3lida experiencia en agricultura, nuestra visi\u00f3n corporativa no es necesariamente estar entre los jugadores m\u00e1s grandes, pero estar entre los m\u00e1s eficientes en la gesti\u00f3n de los agronegocios.<\/p>","protected":false},"excerpt":{"rendered":"<p>Campos fue creado para transformar tierras de cultivo mal gestionadas o poco explotadas para optimizar la mezcla entre la ganader\u00eda y los cultivos de campo, al tiempo que maximiza su productividad y valor. Con m\u00e1s de 25 a\u00f1os de s\u00f3lida experiencia en agricultura, nuestra visi\u00f3n corporativa no es necesariamente estar entre los jugadores m\u00e1s grandes, [&hellip;]<\/p>\n","protected":false},"author":1,"featured_media":0,"parent":7,"menu_order":2,"comment_status":"closed","ping_status":"closed","template":"","meta":[],"_links":{"self":[{"href":"https:\/\/camposorientales.com\/es\/wp-json\/wp\/v2\/pages\/11"}],"collection":[{"href":"https:\/\/camposorientales.com\/es\/wp-json\/wp\/v2\/pages"}],"about":[{"href":"https:\/\/camposorientales.com\/es\/wp-json\/wp\/v2\/types\/page"}],"author":[{"embeddable":true,"href":"https:\/\/camposorientales.com\/es\/wp-json\/wp\/v2\/users\/1"}],"replies":[{"embeddable":true,"href":"https:\/\/camposorientales.com\/es\/wp-json\/wp\/v2\/comments?post=11"}],"version-history":[{"count":3,"href":"https:\/\/camposorientales.com\/es\/wp-json\/wp\/v2\/pages\/11\/revisions"}],"predecessor-version":[{"id":2929,"href":"https:\/\/camposorientales.com\/es\/wp-json\/wp\/v2\/pages\/11\/revisions\/2929"}],"up":[{"embeddable":true,"href":"https:\/\/camposorientales.com\/es\/wp-json\/wp\/v2\/pages\/7"}],"wp:attachment":[{"href":"https:\/\/camposorientales.com\/es\/wp-json\/wp\/v2\/media?parent=11"}],"curies":[{"name":"wp","href":"https:\/\/api.w.org\/{rel}","templated":true}]}}