{"id":42,"date":"2017-08-08T15:47:09","date_gmt":"2017-08-08T18:47:09","guid":{"rendered":"http:\/\/camposorientales.com\/co2017\/?page_id=42"},"modified":"2019-02-05T10:28:51","modified_gmt":"2019-02-05T13:28:51","slug":"social-responsibility","status":"publish","type":"page","link":"https:\/\/camposorientales.com\/es\/social-responsibility\/","title":{"rendered":"Responsabilidad Social"},"content":{"rendered":"<p><\/p>\n<h2><span class=\"contact\">Responsabilidad Social Corporativa<\/span><\/h2>\n<p>En campos, consideramos la Responsabilidad Social Corporativa un modelo de gesti\u00f3n que expresa los valores y principios que nos identifica como gobierno interno.<\/p>\n<p>Desde nuestro origen, focalizamos nuestros objetivos en el desarrollo y apoyo a las comunidades cercanas a nuestras estancias. Priorizamos la atenci\u00f3n m\u00e9dica y la educaci\u00f3n de los pueblos cercanos a nuestras operaciones.<\/p>","protected":false},"excerpt":{"rendered":"<p>Responsabilidad Social Corporativa En campos, consideramos la Responsabilidad Social Corporativa un modelo de gesti\u00f3n que expresa los valores y principios que nos identifica como gobierno interno. Desde nuestro origen, focalizamos nuestros objetivos en el desarrollo y apoyo a las comunidades cercanas a nuestras estancias. Priorizamos la atenci\u00f3n m\u00e9dica y la educaci\u00f3n de los pueblos cercanos [&hellip;]<\/p>\n","protected":false},"author":1,"featured_media":2703,"parent":0,"menu_order":0,"comment_status":"closed","ping_status":"closed","template":"","meta":[],"_links":{"self":[{"href":"https:\/\/camposorientales.com\/es\/wp-json\/wp\/v2\/pages\/42"}],"collection":[{"href":"https:\/\/camposorientales.com\/es\/wp-json\/wp\/v2\/pages"}],"about":[{"href":"https:\/\/camposorientales.com\/es\/wp-json\/wp\/v2\/types\/page"}],"author":[{"embeddable":true,"href":"https:\/\/camposorientales.com\/es\/wp-json\/wp\/v2\/users\/1"}],"replies":[{"embeddable":true,"href":"https:\/\/camposorientales.com\/es\/wp-json\/wp\/v2\/comments?post=42"}],"version-history":[{"count":3,"href":"https:\/\/camposorientales.com\/es\/wp-json\/wp\/v2\/pages\/42\/revisions"}],"predecessor-version":[{"id":2702,"href":"https:\/\/camposorientales.com\/es\/wp-json\/wp\/v2\/pages\/42\/revisions\/2702"}],"wp:featuredmedia":[{"embeddable":true,"href":"https:\/\/camposorientales.com\/es\/wp-json\/wp\/v2\/media\/2703"}],"wp:attachment":[{"href":"https:\/\/camposorientales.com\/es\/wp-json\/wp\/v2\/media?parent=42"}],"curies":[{"name":"wp","href":"https:\/\/api.w.org\/{rel}","templated":true}]}}