{"id":9,"date":"2017-08-04T08:43:59","date_gmt":"2017-08-04T11:43:59","guid":{"rendered":"http:\/\/camposorientales.com\/co2017\/?page_id=9"},"modified":"2019-10-03T08:28:07","modified_gmt":"2019-10-03T11:28:07","slug":"our-convictions","status":"publish","type":"page","link":"https:\/\/camposorientales.com\/es\/about-us\/our-convictions\/","title":{"rendered":"Nuestra Convicci\u00f3n"},"content":{"rendered":"<p>La poblaci\u00f3n continuar\u00e1 creciendo, creando tantas bocas nuevas para alimentarse, mientras que la tierra agr\u00edcola utilizable contin\u00faa disminuyendo. La producci\u00f3n y el consumo de alimentos deben considerarse en un contexto m\u00e1s amplio, combinando agricultura, energ\u00eda y seguridad alimentaria.<\/p>\n<p>La seguridad alimentaria se est\u00e1 convirtiendo en una prioridad nacional en muchos pa\u00edses, y el acceso a los recursos es un verdadero desaf\u00edo.<\/p>\n<p>El Cono Sur en Am\u00e9rica del Sur goza de abundante suministros de agua y tierra cultivable, y un clima ideal para el doble cultivo, as\u00ed como un entorno legal estable, buena infraestructura y precios de tierra relativamente bajos en comparaci\u00f3n con los del hemisferio norte (Europa, EE. UU.). La regi\u00f3n es un importante productor y exportador de productos blandos, que no depende de subsidios.<\/p>","protected":false},"excerpt":{"rendered":"<p>La poblaci\u00f3n continuar\u00e1 creciendo, creando tantas bocas nuevas para alimentarse, mientras que la tierra agr\u00edcola utilizable contin\u00faa disminuyendo. La producci\u00f3n y el consumo de alimentos deben considerarse en un contexto m\u00e1s amplio, combinando agricultura, energ\u00eda y seguridad alimentaria. La seguridad alimentaria se est\u00e1 convirtiendo en una prioridad nacional en muchos pa\u00edses, y el acceso a [&hellip;]<\/p>\n","protected":false},"author":1,"featured_media":0,"parent":7,"menu_order":1,"comment_status":"closed","ping_status":"closed","template":"","meta":[],"_links":{"self":[{"href":"https:\/\/camposorientales.com\/es\/wp-json\/wp\/v2\/pages\/9"}],"collection":[{"href":"https:\/\/camposorientales.com\/es\/wp-json\/wp\/v2\/pages"}],"about":[{"href":"https:\/\/camposorientales.com\/es\/wp-json\/wp\/v2\/types\/page"}],"author":[{"embeddable":true,"href":"https:\/\/camposorientales.com\/es\/wp-json\/wp\/v2\/users\/1"}],"replies":[{"embeddable":true,"href":"https:\/\/camposorientales.com\/es\/wp-json\/wp\/v2\/comments?post=9"}],"version-history":[{"count":5,"href":"https:\/\/camposorientales.com\/es\/wp-json\/wp\/v2\/pages\/9\/revisions"}],"predecessor-version":[{"id":2925,"href":"https:\/\/camposorientales.com\/es\/wp-json\/wp\/v2\/pages\/9\/revisions\/2925"}],"up":[{"embeddable":true,"href":"https:\/\/camposorientales.com\/es\/wp-json\/wp\/v2\/pages\/7"}],"wp:attachment":[{"href":"https:\/\/camposorientales.com\/es\/wp-json\/wp\/v2\/media?parent=9"}],"curies":[{"name":"wp","href":"https:\/\/api.w.org\/{rel}","templated":true}]}}